{"id":819,"date":"2021-12-05T14:33:34","date_gmt":"2021-12-05T14:33:34","guid":{"rendered":"https:\/\/www.basketsavonlinna.fi\/?page_id=819"},"modified":"2025-08-11T07:19:56","modified_gmt":"2025-08-11T07:19:56","slug":"juniorit-u14-tytot","status":"publish","type":"page","link":"https:\/\/www.basketsavonlinna.fi\/?page_id=819","title":{"rendered":"Tyt\u00f6t U14-U17"},"content":{"rendered":"\t\t<div data-elementor-type=\"wp-page\" data-elementor-id=\"819\" class=\"elementor elementor-819\">\n\t\t\t\t\t\t<section class=\"elementor-section elementor-top-section elementor-element elementor-element-b58c304 elementor-section-boxed elementor-section-height-default elementor-section-height-default\" data-id=\"b58c304\" data-element_type=\"section\" data-e-type=\"section\">\n\t\t\t\t\t\t<div class=\"elementor-container elementor-column-gap-default\">\n\t\t\t\t\t<div class=\"elementor-column elementor-col-100 elementor-top-column elementor-element elementor-element-afc6a15\" data-id=\"afc6a15\" data-element_type=\"column\" data-e-type=\"column\">\n\t\t\t<div class=\"elementor-widget-wrap elementor-element-populated\">\n\t\t\t\t\t\t<div class=\"elementor-element elementor-element-a86c3f0 elementor-widget elementor-widget-heading\" data-id=\"a86c3f0\" data-element_type=\"widget\" data-e-type=\"widget\" data-widget_type=\"heading.default\">\n\t\t\t\t<div class=\"elementor-widget-container\">\n\t\t\t\t\t<h2 class=\"elementor-heading-title elementor-size-default\">Tyt\u00f6t U14-U17<\/h2>\t\t\t\t<\/div>\n\t\t\t\t<\/div>\n\t\t\t\t<div class=\"elementor-element elementor-element-247e20c elementor-widget elementor-widget-image\" data-id=\"247e20c\" data-element_type=\"widget\" data-e-type=\"widget\" data-widget_type=\"image.default\">\n\t\t\t\t<div class=\"elementor-widget-container\">\n\t\t\t\t\t\t\t\t\t\t\t\t\t\t\t<img decoding=\"async\" width=\"1342\" height=\"10\" src=\"https:\/\/www.basketsavonlinna.fi\/wp-content\/uploads\/2021\/12\/Raita10.jpg\" class=\"attachment-full size-full wp-image-665\" alt=\"raita10pix\" srcset=\"https:\/\/www.basketsavonlinna.fi\/wp-content\/uploads\/2021\/12\/Raita10.jpg 1342w, https:\/\/www.basketsavonlinna.fi\/wp-content\/uploads\/2021\/12\/Raita10-300x2.jpg 300w, https:\/\/www.basketsavonlinna.fi\/wp-content\/uploads\/2021\/12\/Raita10-1024x8.jpg 1024w, https:\/\/www.basketsavonlinna.fi\/wp-content\/uploads\/2021\/12\/Raita10-768x6.jpg 768w\" sizes=\"(max-width: 1342px) 100vw, 1342px\" \/>\t\t\t\t\t\t\t\t\t\t\t\t\t\t\t<\/div>\n\t\t\t\t<\/div>\n\t\t\t\t\t<\/div>\n\t\t<\/div>\n\t\t\t\t\t<\/div>\n\t\t<\/section>\n\t\t\t\t<section class=\"elementor-section elementor-top-section elementor-element elementor-element-929d771 elementor-section-boxed elementor-section-height-default elementor-section-height-default\" data-id=\"929d771\" data-element_type=\"section\" data-e-type=\"section\">\n\t\t\t\t\t\t<div class=\"elementor-container elementor-column-gap-default\">\n\t\t\t\t\t<div class=\"elementor-column elementor-col-16 elementor-top-column elementor-element elementor-element-331c081\" data-id=\"331c081\" data-element_type=\"column\" data-e-type=\"column\">\n\t\t\t<div class=\"elementor-widget-wrap\">\n\t\t\t\t\t\t\t<\/div>\n\t\t<\/div>\n\t\t\t\t<div class=\"elementor-column elementor-col-66 elementor-top-column elementor-element elementor-element-05f4f54\" data-id=\"05f4f54\" data-element_type=\"column\" data-e-type=\"column\">\n\t\t\t<div class=\"elementor-widget-wrap elementor-element-populated\">\n\t\t\t\t\t\t<div class=\"elementor-element elementor-element-3d085d9 elementor-widget elementor-widget-heading\" data-id=\"3d085d9\" data-element_type=\"widget\" data-e-type=\"widget\" data-widget_type=\"heading.default\">\n\t\t\t\t<div class=\"elementor-widget-container\">\n\t\t\t\t\t<h3 class=\"elementor-heading-title elementor-size-default\">Tyt\u00f6t U14-U17<\/h3>\t\t\t\t<\/div>\n\t\t\t\t<\/div>\n\t\t\t\t<div class=\"elementor-element elementor-element-f6b293c elementor-widget elementor-widget-text-editor\" data-id=\"f6b293c\" data-element_type=\"widget\" data-e-type=\"widget\" data-widget_type=\"text-editor.default\">\n\t\t\t\t<div class=\"elementor-widget-container\">\n\t\t\t\t\t\t\t\t\t<p>Vuorot alkavat 18.8.2025 (Samiedu 1.9.2025)<br \/><br \/>\u2022 16-vuotiaiden sarjat, 2008, 2009 ja my\u00f6h. synt.<br \/>\u2022 15-vuotiaiden sarjat, 2010 ja my\u00f6h. synt.<\/p>\t\t\t\t\t\t\t\t<\/div>\n\t\t\t\t<\/div>\n\t\t\t\t<div class=\"elementor-element elementor-element-78f369d elementor-widget elementor-widget-text-editor\" data-id=\"78f369d\" data-element_type=\"widget\" data-e-type=\"widget\" data-widget_type=\"text-editor.default\">\n\t\t\t\t<div class=\"elementor-widget-container\">\n\t\t\t\t\t\t\t\t\t<p><strong>Mertalan koulu<\/strong><br>Maanantai klo 18.30\u201320.30<br>Keskiviikko klo 17.00\u201319.00<br>Lauantai klo 12.30-14.00<\/p>\n<p><strong>SamiEdu<\/strong><br>Perjantai klo 17.00-18.30<\/p>\n<p><strong>Tekniikkavuoro ja uudet kokeilijat<br>Mertala&nbsp;<br><\/strong>Lauantai klo 11.00-12.30<\/p>\n<p><strong>Yhteyshenkil\u00f6t<\/strong><br>Minna K\u00e4rki (044 2727364)<\/p>\n<p><strong>Joukkueenjohtaja<\/strong><br>Miia Rinkinen (040 5378355)<\/p>\t\t\t\t\t\t\t\t<\/div>\n\t\t\t\t<\/div>\n\t\t\t\t\t<\/div>\n\t\t<\/div>\n\t\t\t\t<div class=\"elementor-column elementor-col-16 elementor-top-column elementor-element elementor-element-74266a8\" data-id=\"74266a8\" data-element_type=\"column\" data-e-type=\"column\">\n\t\t\t<div class=\"elementor-widget-wrap\">\n\t\t\t\t\t\t\t<\/div>\n\t\t<\/div>\n\t\t\t\t\t<\/div>\n\t\t<\/section>\n\t\t\t\t<section class=\"elementor-section elementor-top-section elementor-element elementor-element-763e720 elementor-section-boxed elementor-section-height-default elementor-section-height-default\" data-id=\"763e720\" data-element_type=\"section\" data-e-type=\"section\">\n\t\t\t\t\t\t<div class=\"elementor-container elementor-column-gap-default\">\n\t\t\t\t\t<div class=\"elementor-column elementor-col-100 elementor-top-column elementor-element elementor-element-5efb28b\" data-id=\"5efb28b\" data-element_type=\"column\" data-e-type=\"column\">\n\t\t\t<div class=\"elementor-widget-wrap\">\n\t\t\t\t\t\t\t<\/div>\n\t\t<\/div>\n\t\t\t\t\t<\/div>\n\t\t<\/section>\n\t\t\t\t<section class=\"elementor-section elementor-top-section elementor-element elementor-element-845f4b4 elementor-section-boxed elementor-section-height-default elementor-section-height-default\" data-id=\"845f4b4\" data-element_type=\"section\" data-e-type=\"section\">\n\t\t\t\t\t\t<div class=\"elementor-container elementor-column-gap-default\">\n\t\t\t\t\t<div class=\"elementor-column elementor-col-100 elementor-top-column elementor-element elementor-element-42dbd98\" data-id=\"42dbd98\" data-element_type=\"column\" data-e-type=\"column\">\n\t\t\t<div class=\"elementor-widget-wrap elementor-element-populated\">\n\t\t\t\t\t\t<section class=\"elementor-section elementor-inner-section elementor-element elementor-element-9f5500c elementor-section-boxed elementor-section-height-default elementor-section-height-default\" data-id=\"9f5500c\" data-element_type=\"section\" data-e-type=\"section\">\n\t\t\t\t\t\t<div class=\"elementor-container elementor-column-gap-default\">\n\t\t\t\t\t<div class=\"elementor-column elementor-col-50 elementor-inner-column elementor-element elementor-element-e4a7d0a\" data-id=\"e4a7d0a\" data-element_type=\"column\" data-e-type=\"column\">\n\t\t\t<div class=\"elementor-widget-wrap\">\n\t\t\t\t\t\t\t<\/div>\n\t\t<\/div>\n\t\t\t\t<div class=\"elementor-column elementor-col-50 elementor-inner-column elementor-element elementor-element-09fec4d\" data-id=\"09fec4d\" data-element_type=\"column\" data-e-type=\"column\">\n\t\t\t<div class=\"elementor-widget-wrap\">\n\t\t\t\t\t\t\t<\/div>\n\t\t<\/div>\n\t\t\t\t\t<\/div>\n\t\t<\/section>\n\t\t\t\t\t<\/div>\n\t\t<\/div>\n\t\t\t\t\t<\/div>\n\t\t<\/section>\n\t\t\t\t<\/div>\n\t\t","protected":false},"excerpt":{"rendered":"<p>Tyt\u00f6t U14-U17 Tyt\u00f6t U14-U17 Vuorot alkavat 18.8.2025 (Samiedu 1.9.2025) \u2022 16-vuotiaiden sarjat, 2008, 2009 ja my\u00f6h. synt.\u2022 15-vuotiaiden sarjat, 2010 ja my\u00f6h. synt. Mertalan kouluMaanantai klo 18.30\u201320.30Keskiviikko klo 17.00\u201319.00Lauantai klo 12.30-14.00 SamiEduPerjantai klo 17.00-18.30 Tekniikkavuoro ja uudet kokeilijatMertala&nbsp;Lauantai klo 11.00-12.30 Yhteyshenkil\u00f6tMinna K\u00e4rki (044 2727364) JoukkueenjohtajaMiia Rinkinen (040 5378355)<\/p>\n","protected":false},"author":1,"featured_media":0,"parent":0,"menu_order":0,"comment_status":"closed","ping_status":"closed","template":"","meta":{"site-sidebar-layout":"no-sidebar","site-content-layout":"page-builder","ast-site-content-layout":"default","site-content-style":"default","site-sidebar-style":"default","ast-global-header-display":"","ast-banner-title-visibility":"","ast-main-header-display":"","ast-hfb-above-header-display":"","ast-hfb-below-header-display":"","ast-hfb-mobile-header-display":"","site-post-title":"disabled","ast-breadcrumbs-content":"","ast-featured-img":"disabled","footer-sml-layout":"","ast-disable-related-posts":"","theme-transparent-header-meta":"","adv-header-id-meta":"","stick-header-meta":"","header-above-stick-meta":"","header-main-stick-meta":"","header-below-stick-meta":"","astra-migrate-meta-layouts":"default","ast-page-background-enabled":"default","ast-page-background-meta":{"desktop":{"background-color":"","background-image":"","background-repeat":"repeat","background-position":"center center","background-size":"auto","background-attachment":"scroll","background-type":"","background-media":"","overlay-type":"","overlay-color":"","overlay-opacity":"","overlay-gradient":""},"tablet":{"background-color":"","background-image":"","background-repeat":"repeat","background-position":"center center","background-size":"auto","background-attachment":"scroll","background-type":"","background-media":"","overlay-type":"","overlay-color":"","overlay-opacity":"","overlay-gradient":""},"mobile":{"background-color":"","background-image":"","background-repeat":"repeat","background-position":"center center","background-size":"auto","background-attachment":"scroll","background-type":"","background-media":"","overlay-type":"","overlay-color":"","overlay-opacity":"","overlay-gradient":""}},"ast-content-background-meta":{"desktop":{"background-color":"var(--ast-global-color-5)","background-image":"","background-repeat":"repeat","background-position":"center center","background-size":"auto","background-attachment":"scroll","background-type":"","background-media":"","overlay-type":"","overlay-color":"","overlay-opacity":"","overlay-gradient":""},"tablet":{"background-color":"var(--ast-global-color-5)","background-image":"","background-repeat":"repeat","background-position":"center center","background-size":"auto","background-attachment":"scroll","background-type":"","background-media":"","overlay-type":"","overlay-color":"","overlay-opacity":"","overlay-gradient":""},"mobile":{"background-color":"var(--ast-global-color-5)","background-image":"","background-repeat":"repeat","background-position":"center center","background-size":"auto","background-attachment":"scroll","background-type":"","background-media":"","overlay-type":"","overlay-color":"","overlay-opacity":"","overlay-gradient":""}},"footnotes":""},"class_list":["post-819","page","type-page","status-publish","hentry"],"yoast_head":"<!-- This site is optimized with the Yoast SEO plugin v27.4 - https:\/\/yoast.com\/product\/yoast-seo-wordpress\/ -->\n<title>Tyt\u00f6t U14-U17 - Basket Savonlinna<\/title>\n<meta name=\"robots\" content=\"index, follow, max-snippet:-1, max-image-preview:large, max-video-preview:-1\" \/>\n<link rel=\"canonical\" href=\"https:\/\/www.basketsavonlinna.fi\/?page_id=819\" \/>\n<meta property=\"og:locale\" content=\"fi_FI\" \/>\n<meta property=\"og:type\" content=\"article\" \/>\n<meta property=\"og:title\" content=\"Tyt\u00f6t U14-U17 - Basket Savonlinna\" \/>\n<meta property=\"og:description\" content=\"Tyt\u00f6t U14-U17 Tyt\u00f6t U14-U17 Vuorot alkavat 18.8.2025 (Samiedu 1.9.2025) \u2022 16-vuotiaiden sarjat, 2008, 2009 ja my\u00f6h. synt.\u2022 15-vuotiaiden sarjat, 2010 ja my\u00f6h. synt. Mertalan kouluMaanantai klo 18.30\u201320.30Keskiviikko klo 17.00\u201319.00Lauantai klo 12.30-14.00 SamiEduPerjantai klo 17.00-18.30 Tekniikkavuoro ja uudet kokeilijatMertala&nbsp;Lauantai klo 11.00-12.30 Yhteyshenkil\u00f6tMinna K\u00e4rki (044 2727364) JoukkueenjohtajaMiia Rinkinen (040 5378355)\" \/>\n<meta property=\"og:url\" content=\"https:\/\/www.basketsavonlinna.fi\/?page_id=819\" \/>\n<meta property=\"og:site_name\" content=\"Basket Savonlinna\" \/>\n<meta property=\"article:publisher\" content=\"https:\/\/www.facebook.com\/BasketSavonlinna\" \/>\n<meta property=\"article:modified_time\" content=\"2025-08-11T07:19:56+00:00\" \/>\n<meta property=\"og:image\" content=\"https:\/\/www.basketsavonlinna.fi\/wp-content\/uploads\/2021\/12\/Raita10.jpg\" \/>\n\t<meta property=\"og:image:width\" content=\"1342\" \/>\n\t<meta property=\"og:image:height\" content=\"10\" \/>\n\t<meta property=\"og:image:type\" content=\"image\/jpeg\" \/>\n<meta name=\"twitter:card\" content=\"summary_large_image\" \/>\n<meta name=\"twitter:label1\" content=\"Arvioitu lukuaika\" \/>\n\t<meta name=\"twitter:data1\" content=\"1 minuutti\" \/>\n<script type=\"application\/ld+json\" class=\"yoast-schema-graph\">{\"@context\":\"https:\\\/\\\/schema.org\",\"@graph\":[{\"@type\":\"WebPage\",\"@id\":\"https:\\\/\\\/www.basketsavonlinna.fi\\\/?page_id=819\",\"url\":\"https:\\\/\\\/www.basketsavonlinna.fi\\\/?page_id=819\",\"name\":\"Tyt\u00f6t U14-U17 - Basket Savonlinna\",\"isPartOf\":{\"@id\":\"https:\\\/\\\/www.basketsavonlinna.fi\\\/#website\"},\"primaryImageOfPage\":{\"@id\":\"https:\\\/\\\/www.basketsavonlinna.fi\\\/?page_id=819#primaryimage\"},\"image\":{\"@id\":\"https:\\\/\\\/www.basketsavonlinna.fi\\\/?page_id=819#primaryimage\"},\"thumbnailUrl\":\"https:\\\/\\\/www.basketsavonlinna.fi\\\/wp-content\\\/uploads\\\/2021\\\/12\\\/Raita10.jpg\",\"datePublished\":\"2021-12-05T14:33:34+00:00\",\"dateModified\":\"2025-08-11T07:19:56+00:00\",\"breadcrumb\":{\"@id\":\"https:\\\/\\\/www.basketsavonlinna.fi\\\/?page_id=819#breadcrumb\"},\"inLanguage\":\"fi\",\"potentialAction\":[{\"@type\":\"ReadAction\",\"target\":[\"https:\\\/\\\/www.basketsavonlinna.fi\\\/?page_id=819\"]}]},{\"@type\":\"ImageObject\",\"inLanguage\":\"fi\",\"@id\":\"https:\\\/\\\/www.basketsavonlinna.fi\\\/?page_id=819#primaryimage\",\"url\":\"https:\\\/\\\/www.basketsavonlinna.fi\\\/wp-content\\\/uploads\\\/2021\\\/12\\\/Raita10.jpg\",\"contentUrl\":\"https:\\\/\\\/www.basketsavonlinna.fi\\\/wp-content\\\/uploads\\\/2021\\\/12\\\/Raita10.jpg\",\"width\":1342,\"height\":10,\"caption\":\"raita10pix\"},{\"@type\":\"BreadcrumbList\",\"@id\":\"https:\\\/\\\/www.basketsavonlinna.fi\\\/?page_id=819#breadcrumb\",\"itemListElement\":[{\"@type\":\"ListItem\",\"position\":1,\"name\":\"Etusivu\",\"item\":\"https:\\\/\\\/www.basketsavonlinna.fi\\\/\"},{\"@type\":\"ListItem\",\"position\":2,\"name\":\"Tyt\u00f6t U14-U17\"}]},{\"@type\":\"WebSite\",\"@id\":\"https:\\\/\\\/www.basketsavonlinna.fi\\\/#website\",\"url\":\"https:\\\/\\\/www.basketsavonlinna.fi\\\/\",\"name\":\"Basket Savonlinna\",\"description\":\"Koripalloseura Basket Savonlinna Ry\",\"publisher\":{\"@id\":\"https:\\\/\\\/www.basketsavonlinna.fi\\\/#organization\"},\"potentialAction\":[{\"@type\":\"SearchAction\",\"target\":{\"@type\":\"EntryPoint\",\"urlTemplate\":\"https:\\\/\\\/www.basketsavonlinna.fi\\\/?s={search_term_string}\"},\"query-input\":{\"@type\":\"PropertyValueSpecification\",\"valueRequired\":true,\"valueName\":\"search_term_string\"}}],\"inLanguage\":\"fi\"},{\"@type\":\"Organization\",\"@id\":\"https:\\\/\\\/www.basketsavonlinna.fi\\\/#organization\",\"name\":\"Basket Savonlinna Ry\",\"url\":\"https:\\\/\\\/www.basketsavonlinna.fi\\\/\",\"logo\":{\"@type\":\"ImageObject\",\"inLanguage\":\"fi\",\"@id\":\"https:\\\/\\\/www.basketsavonlinna.fi\\\/#\\\/schema\\\/logo\\\/image\\\/\",\"url\":\"https:\\\/\\\/www.basketsavonlinna.fi\\\/wp-content\\\/uploads\\\/2021\\\/12\\\/BSL200.jpg\",\"contentUrl\":\"https:\\\/\\\/www.basketsavonlinna.fi\\\/wp-content\\\/uploads\\\/2021\\\/12\\\/BSL200.jpg\",\"width\":200,\"height\":69,\"caption\":\"Basket Savonlinna Ry\"},\"image\":{\"@id\":\"https:\\\/\\\/www.basketsavonlinna.fi\\\/#\\\/schema\\\/logo\\\/image\\\/\"},\"sameAs\":[\"https:\\\/\\\/www.facebook.com\\\/BasketSavonlinna\"]}]}<\/script>\n<!-- \/ Yoast SEO plugin. -->","yoast_head_json":{"title":"Tyt\u00f6t U14-U17 - Basket Savonlinna","robots":{"index":"index","follow":"follow","max-snippet":"max-snippet:-1","max-image-preview":"max-image-preview:large","max-video-preview":"max-video-preview:-1"},"canonical":"https:\/\/www.basketsavonlinna.fi\/?page_id=819","og_locale":"fi_FI","og_type":"article","og_title":"Tyt\u00f6t U14-U17 - Basket Savonlinna","og_description":"Tyt\u00f6t U14-U17 Tyt\u00f6t U14-U17 Vuorot alkavat 18.8.2025 (Samiedu 1.9.2025) \u2022 16-vuotiaiden sarjat, 2008, 2009 ja my\u00f6h. synt.\u2022 15-vuotiaiden sarjat, 2010 ja my\u00f6h. synt. Mertalan kouluMaanantai klo 18.30\u201320.30Keskiviikko klo 17.00\u201319.00Lauantai klo 12.30-14.00 SamiEduPerjantai klo 17.00-18.30 Tekniikkavuoro ja uudet kokeilijatMertala&nbsp;Lauantai klo 11.00-12.30 Yhteyshenkil\u00f6tMinna K\u00e4rki (044 2727364) JoukkueenjohtajaMiia Rinkinen (040 5378355)","og_url":"https:\/\/www.basketsavonlinna.fi\/?page_id=819","og_site_name":"Basket Savonlinna","article_publisher":"https:\/\/www.facebook.com\/BasketSavonlinna","article_modified_time":"2025-08-11T07:19:56+00:00","og_image":[{"width":1342,"height":10,"url":"https:\/\/www.basketsavonlinna.fi\/wp-content\/uploads\/2021\/12\/Raita10.jpg","type":"image\/jpeg"}],"twitter_card":"summary_large_image","twitter_misc":{"Arvioitu lukuaika":"1 minuutti"},"schema":{"@context":"https:\/\/schema.org","@graph":[{"@type":"WebPage","@id":"https:\/\/www.basketsavonlinna.fi\/?page_id=819","url":"https:\/\/www.basketsavonlinna.fi\/?page_id=819","name":"Tyt\u00f6t U14-U17 - Basket Savonlinna","isPartOf":{"@id":"https:\/\/www.basketsavonlinna.fi\/#website"},"primaryImageOfPage":{"@id":"https:\/\/www.basketsavonlinna.fi\/?page_id=819#primaryimage"},"image":{"@id":"https:\/\/www.basketsavonlinna.fi\/?page_id=819#primaryimage"},"thumbnailUrl":"https:\/\/www.basketsavonlinna.fi\/wp-content\/uploads\/2021\/12\/Raita10.jpg","datePublished":"2021-12-05T14:33:34+00:00","dateModified":"2025-08-11T07:19:56+00:00","breadcrumb":{"@id":"https:\/\/www.basketsavonlinna.fi\/?page_id=819#breadcrumb"},"inLanguage":"fi","potentialAction":[{"@type":"ReadAction","target":["https:\/\/www.basketsavonlinna.fi\/?page_id=819"]}]},{"@type":"ImageObject","inLanguage":"fi","@id":"https:\/\/www.basketsavonlinna.fi\/?page_id=819#primaryimage","url":"https:\/\/www.basketsavonlinna.fi\/wp-content\/uploads\/2021\/12\/Raita10.jpg","contentUrl":"https:\/\/www.basketsavonlinna.fi\/wp-content\/uploads\/2021\/12\/Raita10.jpg","width":1342,"height":10,"caption":"raita10pix"},{"@type":"BreadcrumbList","@id":"https:\/\/www.basketsavonlinna.fi\/?page_id=819#breadcrumb","itemListElement":[{"@type":"ListItem","position":1,"name":"Etusivu","item":"https:\/\/www.basketsavonlinna.fi\/"},{"@type":"ListItem","position":2,"name":"Tyt\u00f6t U14-U17"}]},{"@type":"WebSite","@id":"https:\/\/www.basketsavonlinna.fi\/#website","url":"https:\/\/www.basketsavonlinna.fi\/","name":"Basket Savonlinna","description":"Koripalloseura Basket Savonlinna Ry","publisher":{"@id":"https:\/\/www.basketsavonlinna.fi\/#organization"},"potentialAction":[{"@type":"SearchAction","target":{"@type":"EntryPoint","urlTemplate":"https:\/\/www.basketsavonlinna.fi\/?s={search_term_string}"},"query-input":{"@type":"PropertyValueSpecification","valueRequired":true,"valueName":"search_term_string"}}],"inLanguage":"fi"},{"@type":"Organization","@id":"https:\/\/www.basketsavonlinna.fi\/#organization","name":"Basket Savonlinna Ry","url":"https:\/\/www.basketsavonlinna.fi\/","logo":{"@type":"ImageObject","inLanguage":"fi","@id":"https:\/\/www.basketsavonlinna.fi\/#\/schema\/logo\/image\/","url":"https:\/\/www.basketsavonlinna.fi\/wp-content\/uploads\/2021\/12\/BSL200.jpg","contentUrl":"https:\/\/www.basketsavonlinna.fi\/wp-content\/uploads\/2021\/12\/BSL200.jpg","width":200,"height":69,"caption":"Basket Savonlinna Ry"},"image":{"@id":"https:\/\/www.basketsavonlinna.fi\/#\/schema\/logo\/image\/"},"sameAs":["https:\/\/www.facebook.com\/BasketSavonlinna"]}]}},"_links":{"self":[{"href":"https:\/\/www.basketsavonlinna.fi\/index.php?rest_route=\/wp\/v2\/pages\/819","targetHints":{"allow":["GET"]}}],"collection":[{"href":"https:\/\/www.basketsavonlinna.fi\/index.php?rest_route=\/wp\/v2\/pages"}],"about":[{"href":"https:\/\/www.basketsavonlinna.fi\/index.php?rest_route=\/wp\/v2\/types\/page"}],"author":[{"embeddable":true,"href":"https:\/\/www.basketsavonlinna.fi\/index.php?rest_route=\/wp\/v2\/users\/1"}],"replies":[{"embeddable":true,"href":"https:\/\/www.basketsavonlinna.fi\/index.php?rest_route=%2Fwp%2Fv2%2Fcomments&post=819"}],"version-history":[{"count":96,"href":"https:\/\/www.basketsavonlinna.fi\/index.php?rest_route=\/wp\/v2\/pages\/819\/revisions"}],"predecessor-version":[{"id":2159,"href":"https:\/\/www.basketsavonlinna.fi\/index.php?rest_route=\/wp\/v2\/pages\/819\/revisions\/2159"}],"wp:attachment":[{"href":"https:\/\/www.basketsavonlinna.fi\/index.php?rest_route=%2Fwp%2Fv2%2Fmedia&parent=819"}],"curies":[{"name":"wp","href":"https:\/\/api.w.org\/{rel}","templated":true}]}}