{"id":719,"date":"2021-12-02T10:59:14","date_gmt":"2021-12-02T10:59:14","guid":{"rendered":"https:\/\/www.basketsavonlinna.fi\/?page_id=719"},"modified":"2021-12-02T11:27:44","modified_gmt":"2021-12-02T11:27:44","slug":"mooses","status":"publish","type":"page","link":"https:\/\/www.basketsavonlinna.fi\/?page_id=719","title":{"rendered":"MooseS"},"content":{"rendered":"\t\t<div data-elementor-type=\"wp-page\" data-elementor-id=\"719\" class=\"elementor elementor-719\">\n\t\t\t\t\t\t<section class=\"elementor-section elementor-top-section elementor-element elementor-element-fc892ca elementor-section-boxed elementor-section-height-default elementor-section-height-default\" data-id=\"fc892ca\" data-element_type=\"section\" data-e-type=\"section\">\n\t\t\t\t\t\t<div class=\"elementor-container elementor-column-gap-default\">\n\t\t\t\t\t<div class=\"elementor-column elementor-col-100 elementor-top-column elementor-element elementor-element-99f181f\" data-id=\"99f181f\" data-element_type=\"column\" data-e-type=\"column\">\n\t\t\t<div class=\"elementor-widget-wrap elementor-element-populated\">\n\t\t\t\t\t\t<div class=\"elementor-element elementor-element-c1b61c6 elementor-widget elementor-widget-heading\" data-id=\"c1b61c6\" data-element_type=\"widget\" data-e-type=\"widget\" data-widget_type=\"heading.default\">\n\t\t\t\t<div class=\"elementor-widget-container\">\n\t\t\t\t\t<h2 class=\"elementor-heading-title elementor-size-default\">MooseS<\/h2>\t\t\t\t<\/div>\n\t\t\t\t<\/div>\n\t\t\t\t<div class=\"elementor-element elementor-element-7fcd490 elementor-widget elementor-widget-image\" data-id=\"7fcd490\" data-element_type=\"widget\" data-e-type=\"widget\" data-widget_type=\"image.default\">\n\t\t\t\t<div class=\"elementor-widget-container\">\n\t\t\t\t\t\t\t\t\t\t\t\t\t\t\t<img decoding=\"async\" width=\"1342\" height=\"10\" src=\"https:\/\/www.basketsavonlinna.fi\/wp-content\/uploads\/2021\/12\/Raita10.jpg\" class=\"attachment-full size-full wp-image-665\" alt=\"raita10pix\" srcset=\"https:\/\/www.basketsavonlinna.fi\/wp-content\/uploads\/2021\/12\/Raita10.jpg 1342w, https:\/\/www.basketsavonlinna.fi\/wp-content\/uploads\/2021\/12\/Raita10-300x2.jpg 300w, https:\/\/www.basketsavonlinna.fi\/wp-content\/uploads\/2021\/12\/Raita10-1024x8.jpg 1024w, https:\/\/www.basketsavonlinna.fi\/wp-content\/uploads\/2021\/12\/Raita10-768x6.jpg 768w\" sizes=\"(max-width: 1342px) 100vw, 1342px\" \/>\t\t\t\t\t\t\t\t\t\t\t\t\t\t\t<\/div>\n\t\t\t\t<\/div>\n\t\t\t\t\t<\/div>\n\t\t<\/div>\n\t\t\t\t\t<\/div>\n\t\t<\/section>\n\t\t\t\t<section class=\"elementor-section elementor-top-section elementor-element elementor-element-7b33f63 elementor-section-boxed elementor-section-height-default elementor-section-height-default\" data-id=\"7b33f63\" data-element_type=\"section\" data-e-type=\"section\">\n\t\t\t\t\t\t<div class=\"elementor-container elementor-column-gap-default\">\n\t\t\t\t\t<div class=\"elementor-column elementor-col-50 elementor-top-column elementor-element elementor-element-c857ac5\" data-id=\"c857ac5\" data-element_type=\"column\" data-e-type=\"column\">\n\t\t\t<div class=\"elementor-widget-wrap elementor-element-populated\">\n\t\t\t\t\t\t<div class=\"elementor-element elementor-element-ffe195d elementor-widget elementor-widget-text-editor\" data-id=\"ffe195d\" data-element_type=\"widget\" data-e-type=\"widget\" data-widget_type=\"text-editor.default\">\n\t\t\t\t<div class=\"elementor-widget-container\">\n\t\t\t\t\t\t\t\t\t<p><strong>Se on MooseS!<\/strong><\/p>\t\t\t\t\t\t\t\t<\/div>\n\t\t\t\t<\/div>\n\t\t\t\t<div class=\"elementor-element elementor-element-1eda400 elementor-widget elementor-widget-text-editor\" data-id=\"1eda400\" data-element_type=\"widget\" data-e-type=\"widget\" data-widget_type=\"text-editor.default\">\n\t\t\t\t<div class=\"elementor-widget-container\">\n\t\t\t\t\t\t\t\t\t<p>Basketin maskottihirven nimi on MooseS. MooseS nime\u00e4 ehdottituksia nimeksi olivat mm. Donkki-Kalle, Sarvip\u00e4\u00e4, Pika-Puolustaja, ja Hass nimikilpailussa vuonna 1997 ToPon silloinen manageri Jukka Suomela.<\/p><p>Moose on Amerikassa el\u00e4v\u00e4n hirven nimi englanniksi, kun taas kotimainen hirvi on elk. Iso S lopussa tulee Savonlinnasta ja n\u00e4in muodostuu ikiaikainen nimi MooseS.<\/p><p>Muita ehdotuksia nimeksi olivat mm. Donkki-Kalle, Sarvip\u00e4\u00e4, Pika-Puolustaja, ja Hasse Harhauttaja.<\/p>\t\t\t\t\t\t\t\t<\/div>\n\t\t\t\t<\/div>\n\t\t\t\t\t<\/div>\n\t\t<\/div>\n\t\t\t\t<div class=\"elementor-column elementor-col-50 elementor-top-column elementor-element elementor-element-384b8f1\" data-id=\"384b8f1\" data-element_type=\"column\" data-e-type=\"column\">\n\t\t\t<div class=\"elementor-widget-wrap elementor-element-populated\">\n\t\t\t\t\t\t<div class=\"elementor-element elementor-element-ebd13f5 elementor-widget elementor-widget-image\" data-id=\"ebd13f5\" data-element_type=\"widget\" data-e-type=\"widget\" data-widget_type=\"image.default\">\n\t\t\t\t<div class=\"elementor-widget-container\">\n\t\t\t\t\t\t\t\t\t\t\t\t\t\t\t<img fetchpriority=\"high\" decoding=\"async\" width=\"360\" height=\"175\" src=\"https:\/\/www.basketsavonlinna.fi\/wp-content\/uploads\/2021\/12\/hirvet.png\" class=\"attachment-large size-large wp-image-724\" alt=\"MooseS\" srcset=\"https:\/\/www.basketsavonlinna.fi\/wp-content\/uploads\/2021\/12\/hirvet.png 360w, https:\/\/www.basketsavonlinna.fi\/wp-content\/uploads\/2021\/12\/hirvet-300x146.png 300w\" sizes=\"(max-width: 360px) 100vw, 360px\" \/>\t\t\t\t\t\t\t\t\t\t\t\t\t\t\t<\/div>\n\t\t\t\t<\/div>\n\t\t\t\t<div class=\"elementor-element elementor-element-a183f83 elementor-widget elementor-widget-text-editor\" data-id=\"a183f83\" data-element_type=\"widget\" data-e-type=\"widget\" data-widget_type=\"text-editor.default\">\n\t\t\t\t<div class=\"elementor-widget-container\">\n\t\t\t\t\t\t\t\t\t<p>Mooseksen on suunnitellut piirt\u00e4j\u00e4, biologi <em>Tuula Vuorinen<\/em> Kiteelt\u00e4. V\u00e4rim\u00e4\u00e4rittelyst\u00e4 ja viimeistelyst\u00e4 vastasi <em>Arto Latvala<\/em> mainostoimisto GSL:st\u00e4 Savonlinnasta.<\/p>\t\t\t\t\t\t\t\t<\/div>\n\t\t\t\t<\/div>\n\t\t\t\t\t<\/div>\n\t\t<\/div>\n\t\t\t\t\t<\/div>\n\t\t<\/section>\n\t\t\t\t<section class=\"elementor-section elementor-top-section elementor-element elementor-element-8361637 elementor-section-boxed elementor-section-height-default elementor-section-height-default\" data-id=\"8361637\" data-element_type=\"section\" data-e-type=\"section\">\n\t\t\t\t\t\t<div class=\"elementor-container elementor-column-gap-default\">\n\t\t\t\t\t<div class=\"elementor-column elementor-col-50 elementor-top-column elementor-element elementor-element-5eaa5e9\" data-id=\"5eaa5e9\" data-element_type=\"column\" data-e-type=\"column\">\n\t\t\t<div class=\"elementor-widget-wrap elementor-element-populated\">\n\t\t\t\t\t\t<div class=\"elementor-element elementor-element-1c71823 elementor-widget elementor-widget-text-editor\" data-id=\"1c71823\" data-element_type=\"widget\" data-e-type=\"widget\" data-widget_type=\"text-editor.default\">\n\t\t\t\t<div class=\"elementor-widget-container\">\n\t\t\t\t\t\t\t\t\t<p>MooseS on jo saanut terveisi\u00e4 mm Toronto Raptorsin maskotilta Raptorilta:<br \/>\u201dThanks for your cool e-mail!<br \/>I appreciate it jurassically! It\u2019s nice to have fans like you! Keep on cheering for the Raptors. Best \u201dSwishes\u201d!<br \/>The Raptor!<br \/>Say hi to the moose for me!\u201d<\/p>\t\t\t\t\t\t\t\t<\/div>\n\t\t\t\t<\/div>\n\t\t\t\t\t<\/div>\n\t\t<\/div>\n\t\t\t\t<div class=\"elementor-column elementor-col-50 elementor-top-column elementor-element elementor-element-5b9b190\" data-id=\"5b9b190\" data-element_type=\"column\" data-e-type=\"column\">\n\t\t\t<div class=\"elementor-widget-wrap elementor-element-populated\">\n\t\t\t\t\t\t<div class=\"elementor-element elementor-element-baf2960 elementor-widget elementor-widget-text-editor\" data-id=\"baf2960\" data-element_type=\"widget\" data-e-type=\"widget\" data-widget_type=\"text-editor.default\">\n\t\t\t\t<div class=\"elementor-widget-container\">\n\t\t\t\t\t\t\t\t\t<p><em>Raptor<\/em><img decoding=\"async\" class=\"size-full wp-image-732 alignleft\" src=\"https:\/\/www.basketsavonlinna.fi\/wp-content\/uploads\/2021\/12\/Raptor.png\" alt=\"\" width=\"136\" height=\"200\" \/><\/p>\t\t\t\t\t\t\t\t<\/div>\n\t\t\t\t<\/div>\n\t\t\t\t\t<\/div>\n\t\t<\/div>\n\t\t\t\t\t<\/div>\n\t\t<\/section>\n\t\t\t\t<\/div>\n\t\t","protected":false},"excerpt":{"rendered":"<p>MooseS Se on MooseS! Basketin maskottihirven nimi on MooseS. MooseS nime\u00e4 ehdottituksia nimeksi olivat mm. Donkki-Kalle, Sarvip\u00e4\u00e4, Pika-Puolustaja, ja Hass nimikilpailussa vuonna 1997 ToPon silloinen manageri Jukka Suomela. Moose on Amerikassa el\u00e4v\u00e4n hirven nimi englanniksi, kun taas kotimainen hirvi on elk. Iso S lopussa tulee Savonlinnasta ja n\u00e4in muodostuu ikiaikainen nimi MooseS. Muita ehdotuksia nimeksi [&hellip;]<\/p>\n","protected":false},"author":1,"featured_media":0,"parent":0,"menu_order":0,"comment_status":"closed","ping_status":"closed","template":"","meta":{"site-sidebar-layout":"no-sidebar","site-content-layout":"page-builder","ast-site-content-layout":"default","site-content-style":"default","site-sidebar-style":"default","ast-global-header-display":"","ast-banner-title-visibility":"","ast-main-header-display":"","ast-hfb-above-header-display":"","ast-hfb-below-header-display":"","ast-hfb-mobile-header-display":"","site-post-title":"disabled","ast-breadcrumbs-content":"","ast-featured-img":"disabled","footer-sml-layout":"","ast-disable-related-posts":"","theme-transparent-header-meta":"","adv-header-id-meta":"","stick-header-meta":"","header-above-stick-meta":"","header-main-stick-meta":"","header-below-stick-meta":"","astra-migrate-meta-layouts":"default","ast-page-background-enabled":"default","ast-page-background-meta":{"desktop":{"background-color":"","background-image":"","background-repeat":"repeat","background-position":"center center","background-size":"auto","background-attachment":"scroll","background-type":"","background-media":"","overlay-type":"","overlay-color":"","overlay-opacity":"","overlay-gradient":""},"tablet":{"background-color":"","background-image":"","background-repeat":"repeat","background-position":"center center","background-size":"auto","background-attachment":"scroll","background-type":"","background-media":"","overlay-type":"","overlay-color":"","overlay-opacity":"","overlay-gradient":""},"mobile":{"background-color":"","background-image":"","background-repeat":"repeat","background-position":"center center","background-size":"auto","background-attachment":"scroll","background-type":"","background-media":"","overlay-type":"","overlay-color":"","overlay-opacity":"","overlay-gradient":""}},"ast-content-background-meta":{"desktop":{"background-color":"var(--ast-global-color-5)","background-image":"","background-repeat":"repeat","background-position":"center center","background-size":"auto","background-attachment":"scroll","background-type":"","background-media":"","overlay-type":"","overlay-color":"","overlay-opacity":"","overlay-gradient":""},"tablet":{"background-color":"var(--ast-global-color-5)","background-image":"","background-repeat":"repeat","background-position":"center center","background-size":"auto","background-attachment":"scroll","background-type":"","background-media":"","overlay-type":"","overlay-color":"","overlay-opacity":"","overlay-gradient":""},"mobile":{"background-color":"var(--ast-global-color-5)","background-image":"","background-repeat":"repeat","background-position":"center center","background-size":"auto","background-attachment":"scroll","background-type":"","background-media":"","overlay-type":"","overlay-color":"","overlay-opacity":"","overlay-gradient":""}},"footnotes":""},"class_list":["post-719","page","type-page","status-publish","hentry"],"yoast_head":"<!-- This site is optimized with the Yoast SEO plugin v27.5 - https:\/\/yoast.com\/product\/yoast-seo-wordpress\/ -->\n<title>MooseS - Basket Savonlinna<\/title>\n<meta name=\"robots\" content=\"index, follow, max-snippet:-1, max-image-preview:large, max-video-preview:-1\" \/>\n<link rel=\"canonical\" href=\"https:\/\/www.basketsavonlinna.fi\/?page_id=719\" \/>\n<meta property=\"og:locale\" content=\"fi_FI\" \/>\n<meta property=\"og:type\" content=\"article\" \/>\n<meta property=\"og:title\" content=\"MooseS - Basket Savonlinna\" \/>\n<meta property=\"og:description\" content=\"MooseS Se on MooseS! Basketin maskottihirven nimi on MooseS. MooseS nime\u00e4 ehdottituksia nimeksi olivat mm. Donkki-Kalle, Sarvip\u00e4\u00e4, Pika-Puolustaja, ja Hass nimikilpailussa vuonna 1997 ToPon silloinen manageri Jukka Suomela. Moose on Amerikassa el\u00e4v\u00e4n hirven nimi englanniksi, kun taas kotimainen hirvi on elk. Iso S lopussa tulee Savonlinnasta ja n\u00e4in muodostuu ikiaikainen nimi MooseS. Muita ehdotuksia nimeksi [&hellip;]\" \/>\n<meta property=\"og:url\" content=\"https:\/\/www.basketsavonlinna.fi\/?page_id=719\" \/>\n<meta property=\"og:site_name\" content=\"Basket Savonlinna\" \/>\n<meta property=\"article:publisher\" content=\"https:\/\/www.facebook.com\/BasketSavonlinna\" \/>\n<meta property=\"article:modified_time\" content=\"2021-12-02T11:27:44+00:00\" \/>\n<meta property=\"og:image\" content=\"https:\/\/www.basketsavonlinna.fi\/wp-content\/uploads\/2021\/12\/Raita10.jpg\" \/>\n<meta name=\"twitter:card\" content=\"summary_large_image\" \/>\n<meta name=\"twitter:label1\" content=\"Arvioitu lukuaika\" \/>\n\t<meta name=\"twitter:data1\" content=\"1 minuutti\" \/>\n<script type=\"application\/ld+json\" class=\"yoast-schema-graph\">{\"@context\":\"https:\\\/\\\/schema.org\",\"@graph\":[{\"@type\":\"WebPage\",\"@id\":\"https:\\\/\\\/www.basketsavonlinna.fi\\\/?page_id=719\",\"url\":\"https:\\\/\\\/www.basketsavonlinna.fi\\\/?page_id=719\",\"name\":\"MooseS - Basket Savonlinna\",\"isPartOf\":{\"@id\":\"https:\\\/\\\/www.basketsavonlinna.fi\\\/#website\"},\"primaryImageOfPage\":{\"@id\":\"https:\\\/\\\/www.basketsavonlinna.fi\\\/?page_id=719#primaryimage\"},\"image\":{\"@id\":\"https:\\\/\\\/www.basketsavonlinna.fi\\\/?page_id=719#primaryimage\"},\"thumbnailUrl\":\"https:\\\/\\\/www.basketsavonlinna.fi\\\/wp-content\\\/uploads\\\/2021\\\/12\\\/Raita10.jpg\",\"datePublished\":\"2021-12-02T10:59:14+00:00\",\"dateModified\":\"2021-12-02T11:27:44+00:00\",\"breadcrumb\":{\"@id\":\"https:\\\/\\\/www.basketsavonlinna.fi\\\/?page_id=719#breadcrumb\"},\"inLanguage\":\"fi\",\"potentialAction\":[{\"@type\":\"ReadAction\",\"target\":[\"https:\\\/\\\/www.basketsavonlinna.fi\\\/?page_id=719\"]}]},{\"@type\":\"ImageObject\",\"inLanguage\":\"fi\",\"@id\":\"https:\\\/\\\/www.basketsavonlinna.fi\\\/?page_id=719#primaryimage\",\"url\":\"https:\\\/\\\/www.basketsavonlinna.fi\\\/wp-content\\\/uploads\\\/2021\\\/12\\\/Raita10.jpg\",\"contentUrl\":\"https:\\\/\\\/www.basketsavonlinna.fi\\\/wp-content\\\/uploads\\\/2021\\\/12\\\/Raita10.jpg\",\"width\":1342,\"height\":10,\"caption\":\"raita10pix\"},{\"@type\":\"BreadcrumbList\",\"@id\":\"https:\\\/\\\/www.basketsavonlinna.fi\\\/?page_id=719#breadcrumb\",\"itemListElement\":[{\"@type\":\"ListItem\",\"position\":1,\"name\":\"Etusivu\",\"item\":\"https:\\\/\\\/www.basketsavonlinna.fi\\\/\"},{\"@type\":\"ListItem\",\"position\":2,\"name\":\"MooseS\"}]},{\"@type\":\"WebSite\",\"@id\":\"https:\\\/\\\/www.basketsavonlinna.fi\\\/#website\",\"url\":\"https:\\\/\\\/www.basketsavonlinna.fi\\\/\",\"name\":\"Basket Savonlinna\",\"description\":\"Koripalloseura Basket Savonlinna Ry\",\"publisher\":{\"@id\":\"https:\\\/\\\/www.basketsavonlinna.fi\\\/#organization\"},\"potentialAction\":[{\"@type\":\"SearchAction\",\"target\":{\"@type\":\"EntryPoint\",\"urlTemplate\":\"https:\\\/\\\/www.basketsavonlinna.fi\\\/?s={search_term_string}\"},\"query-input\":{\"@type\":\"PropertyValueSpecification\",\"valueRequired\":true,\"valueName\":\"search_term_string\"}}],\"inLanguage\":\"fi\"},{\"@type\":\"Organization\",\"@id\":\"https:\\\/\\\/www.basketsavonlinna.fi\\\/#organization\",\"name\":\"Basket Savonlinna Ry\",\"url\":\"https:\\\/\\\/www.basketsavonlinna.fi\\\/\",\"logo\":{\"@type\":\"ImageObject\",\"inLanguage\":\"fi\",\"@id\":\"https:\\\/\\\/www.basketsavonlinna.fi\\\/#\\\/schema\\\/logo\\\/image\\\/\",\"url\":\"https:\\\/\\\/www.basketsavonlinna.fi\\\/wp-content\\\/uploads\\\/2021\\\/12\\\/BSL200.jpg\",\"contentUrl\":\"https:\\\/\\\/www.basketsavonlinna.fi\\\/wp-content\\\/uploads\\\/2021\\\/12\\\/BSL200.jpg\",\"width\":200,\"height\":69,\"caption\":\"Basket Savonlinna Ry\"},\"image\":{\"@id\":\"https:\\\/\\\/www.basketsavonlinna.fi\\\/#\\\/schema\\\/logo\\\/image\\\/\"},\"sameAs\":[\"https:\\\/\\\/www.facebook.com\\\/BasketSavonlinna\"]}]}<\/script>\n<!-- \/ Yoast SEO plugin. -->","yoast_head_json":{"title":"MooseS - Basket Savonlinna","robots":{"index":"index","follow":"follow","max-snippet":"max-snippet:-1","max-image-preview":"max-image-preview:large","max-video-preview":"max-video-preview:-1"},"canonical":"https:\/\/www.basketsavonlinna.fi\/?page_id=719","og_locale":"fi_FI","og_type":"article","og_title":"MooseS - Basket Savonlinna","og_description":"MooseS Se on MooseS! Basketin maskottihirven nimi on MooseS. MooseS nime\u00e4 ehdottituksia nimeksi olivat mm. Donkki-Kalle, Sarvip\u00e4\u00e4, Pika-Puolustaja, ja Hass nimikilpailussa vuonna 1997 ToPon silloinen manageri Jukka Suomela. Moose on Amerikassa el\u00e4v\u00e4n hirven nimi englanniksi, kun taas kotimainen hirvi on elk. Iso S lopussa tulee Savonlinnasta ja n\u00e4in muodostuu ikiaikainen nimi MooseS. Muita ehdotuksia nimeksi [&hellip;]","og_url":"https:\/\/www.basketsavonlinna.fi\/?page_id=719","og_site_name":"Basket Savonlinna","article_publisher":"https:\/\/www.facebook.com\/BasketSavonlinna","article_modified_time":"2021-12-02T11:27:44+00:00","og_image":[{"url":"https:\/\/www.basketsavonlinna.fi\/wp-content\/uploads\/2021\/12\/Raita10.jpg","type":"","width":"","height":""}],"twitter_card":"summary_large_image","twitter_misc":{"Arvioitu lukuaika":"1 minuutti"},"schema":{"@context":"https:\/\/schema.org","@graph":[{"@type":"WebPage","@id":"https:\/\/www.basketsavonlinna.fi\/?page_id=719","url":"https:\/\/www.basketsavonlinna.fi\/?page_id=719","name":"MooseS - Basket Savonlinna","isPartOf":{"@id":"https:\/\/www.basketsavonlinna.fi\/#website"},"primaryImageOfPage":{"@id":"https:\/\/www.basketsavonlinna.fi\/?page_id=719#primaryimage"},"image":{"@id":"https:\/\/www.basketsavonlinna.fi\/?page_id=719#primaryimage"},"thumbnailUrl":"https:\/\/www.basketsavonlinna.fi\/wp-content\/uploads\/2021\/12\/Raita10.jpg","datePublished":"2021-12-02T10:59:14+00:00","dateModified":"2021-12-02T11:27:44+00:00","breadcrumb":{"@id":"https:\/\/www.basketsavonlinna.fi\/?page_id=719#breadcrumb"},"inLanguage":"fi","potentialAction":[{"@type":"ReadAction","target":["https:\/\/www.basketsavonlinna.fi\/?page_id=719"]}]},{"@type":"ImageObject","inLanguage":"fi","@id":"https:\/\/www.basketsavonlinna.fi\/?page_id=719#primaryimage","url":"https:\/\/www.basketsavonlinna.fi\/wp-content\/uploads\/2021\/12\/Raita10.jpg","contentUrl":"https:\/\/www.basketsavonlinna.fi\/wp-content\/uploads\/2021\/12\/Raita10.jpg","width":1342,"height":10,"caption":"raita10pix"},{"@type":"BreadcrumbList","@id":"https:\/\/www.basketsavonlinna.fi\/?page_id=719#breadcrumb","itemListElement":[{"@type":"ListItem","position":1,"name":"Etusivu","item":"https:\/\/www.basketsavonlinna.fi\/"},{"@type":"ListItem","position":2,"name":"MooseS"}]},{"@type":"WebSite","@id":"https:\/\/www.basketsavonlinna.fi\/#website","url":"https:\/\/www.basketsavonlinna.fi\/","name":"Basket Savonlinna","description":"Koripalloseura Basket Savonlinna Ry","publisher":{"@id":"https:\/\/www.basketsavonlinna.fi\/#organization"},"potentialAction":[{"@type":"SearchAction","target":{"@type":"EntryPoint","urlTemplate":"https:\/\/www.basketsavonlinna.fi\/?s={search_term_string}"},"query-input":{"@type":"PropertyValueSpecification","valueRequired":true,"valueName":"search_term_string"}}],"inLanguage":"fi"},{"@type":"Organization","@id":"https:\/\/www.basketsavonlinna.fi\/#organization","name":"Basket Savonlinna Ry","url":"https:\/\/www.basketsavonlinna.fi\/","logo":{"@type":"ImageObject","inLanguage":"fi","@id":"https:\/\/www.basketsavonlinna.fi\/#\/schema\/logo\/image\/","url":"https:\/\/www.basketsavonlinna.fi\/wp-content\/uploads\/2021\/12\/BSL200.jpg","contentUrl":"https:\/\/www.basketsavonlinna.fi\/wp-content\/uploads\/2021\/12\/BSL200.jpg","width":200,"height":69,"caption":"Basket Savonlinna Ry"},"image":{"@id":"https:\/\/www.basketsavonlinna.fi\/#\/schema\/logo\/image\/"},"sameAs":["https:\/\/www.facebook.com\/BasketSavonlinna"]}]}},"_links":{"self":[{"href":"https:\/\/www.basketsavonlinna.fi\/index.php?rest_route=\/wp\/v2\/pages\/719","targetHints":{"allow":["GET"]}}],"collection":[{"href":"https:\/\/www.basketsavonlinna.fi\/index.php?rest_route=\/wp\/v2\/pages"}],"about":[{"href":"https:\/\/www.basketsavonlinna.fi\/index.php?rest_route=\/wp\/v2\/types\/page"}],"author":[{"embeddable":true,"href":"https:\/\/www.basketsavonlinna.fi\/index.php?rest_route=\/wp\/v2\/users\/1"}],"replies":[{"embeddable":true,"href":"https:\/\/www.basketsavonlinna.fi\/index.php?rest_route=%2Fwp%2Fv2%2Fcomments&post=719"}],"version-history":[{"count":13,"href":"https:\/\/www.basketsavonlinna.fi\/index.php?rest_route=\/wp\/v2\/pages\/719\/revisions"}],"predecessor-version":[{"id":736,"href":"https:\/\/www.basketsavonlinna.fi\/index.php?rest_route=\/wp\/v2\/pages\/719\/revisions\/736"}],"wp:attachment":[{"href":"https:\/\/www.basketsavonlinna.fi\/index.php?rest_route=%2Fwp%2Fv2%2Fmedia&parent=719"}],"curies":[{"name":"wp","href":"https:\/\/api.w.org\/{rel}","templated":true}]}}