{"id":25,"date":"2018-02-06T11:43:05","date_gmt":"2018-02-06T11:43:05","guid":{"rendered":"https:\/\/www.basketsavonlinna.fi\/?page_id=25"},"modified":"2021-11-29T18:11:30","modified_gmt":"2021-11-29T18:11:30","slug":"otb","status":"publish","type":"page","link":"https:\/\/www.basketsavonlinna.fi\/?page_id=25","title":{"rendered":"OTB"},"content":{"rendered":"\t\t<div data-elementor-type=\"wp-post\" data-elementor-id=\"25\" class=\"elementor elementor-25\">\n\t\t\t\t\t\t<section class=\"elementor-section elementor-top-section elementor-element elementor-element-766c8b66 elementor-section-content-bottom elementor-section-boxed elementor-section-height-default elementor-section-height-default\" data-id=\"766c8b66\" data-element_type=\"section\" data-e-type=\"section\" data-settings=\"{&quot;background_background&quot;:&quot;classic&quot;}\">\n\t\t\t\t\t\t\t<div class=\"elementor-background-overlay\"><\/div>\n\t\t\t\t\t\t\t<div class=\"elementor-container elementor-column-gap-extended\">\n\t\t\t\t\t<div class=\"elementor-column elementor-col-100 elementor-top-column elementor-element elementor-element-7fc76299\" data-id=\"7fc76299\" data-element_type=\"column\" data-e-type=\"column\">\n\t\t\t<div class=\"elementor-widget-wrap elementor-element-populated\">\n\t\t\t\t\t\t<div class=\"elementor-element elementor-element-59e3f339 elementor-widget elementor-widget-heading\" data-id=\"59e3f339\" data-element_type=\"widget\" data-e-type=\"widget\" data-widget_type=\"heading.default\">\n\t\t\t\t<div class=\"elementor-widget-container\">\n\t\t\t\t\t<h1 class=\"elementor-heading-title elementor-size-default\">Otbtournament<\/h1>\t\t\t\t<\/div>\n\t\t\t\t<\/div>\n\t\t\t\t\t<\/div>\n\t\t<\/div>\n\t\t\t\t\t<\/div>\n\t\t<\/section>\n\t\t\t\t<section class=\"elementor-section elementor-top-section elementor-element elementor-element-53bd6a3 elementor-section-content-middle elementor-section-boxed elementor-section-height-default elementor-section-height-default\" data-id=\"53bd6a3\" data-element_type=\"section\" data-e-type=\"section\">\n\t\t\t\t\t\t<div class=\"elementor-container elementor-column-gap-extended\">\n\t\t\t\t\t<div class=\"elementor-column elementor-col-100 elementor-top-column elementor-element elementor-element-a752c72\" data-id=\"a752c72\" data-element_type=\"column\" data-e-type=\"column\">\n\t\t\t<div class=\"elementor-widget-wrap elementor-element-populated\">\n\t\t\t\t\t\t<div class=\"elementor-element elementor-element-7d99f2da elementor-widget elementor-widget-heading\" data-id=\"7d99f2da\" data-element_type=\"widget\" data-e-type=\"widget\" data-widget_type=\"heading.default\">\n\t\t\t\t<div class=\"elementor-widget-container\">\n\t\t\t\t\t<h2 class=\"elementor-heading-title elementor-size-default\"><a href=\"http:\/\/www.otbtournament.fi\/\">www.otbtournament.fi<\/a><\/h2>\t\t\t\t<\/div>\n\t\t\t\t<\/div>\n\t\t\t\t<div class=\"elementor-element elementor-element-be527a9 elementor-widget elementor-widget-text-editor\" data-id=\"be527a9\" data-element_type=\"widget\" data-e-type=\"widget\" data-widget_type=\"text-editor.default\">\n\t\t\t\t<div class=\"elementor-widget-container\">\n\t\t\t\t\t\t\t\t\t<p>Old Timers\u2019 Basketball Tournament on Basket Savonlinnan merkitt\u00e4v\u00e4 tulonl\u00e4hde, joka mahdollistaa korkealaatuisen koripalloharrastuksen junioreille pienill\u00e4 kustannuksilla.<\/p><p>Koripalloilun yst\u00e4v\u00e4t kohtaavat vuosittain Savonlinnan loistavissa puitteissa. Pelipaikkoina tuttuun tapaan Savonlinnan Liikuntahalli ja kaupungissa sijaitsevat liikuntasalit.<\/p>\t\t\t\t\t\t\t\t<\/div>\n\t\t\t\t<\/div>\n\t\t\t\t\t<\/div>\n\t\t<\/div>\n\t\t\t\t\t<\/div>\n\t\t<\/section>\n\t\t\t\t<\/div>\n\t\t","protected":false},"excerpt":{"rendered":"<p>Otbtournament www.otbtournament.fi Old Timers\u2019 Basketball Tournament on Basket Savonlinnan merkitt\u00e4v\u00e4 tulonl\u00e4hde, joka mahdollistaa korkealaatuisen koripalloharrastuksen junioreille pienill\u00e4 kustannuksilla. Koripalloilun yst\u00e4v\u00e4t kohtaavat vuosittain Savonlinnan loistavissa puitteissa. Pelipaikkoina tuttuun tapaan Savonlinnan Liikuntahalli ja kaupungissa sijaitsevat liikuntasalit.<\/p>\n","protected":false},"author":1,"featured_media":0,"parent":0,"menu_order":0,"comment_status":"closed","ping_status":"closed","template":"","meta":{"site-sidebar-layout":"no-sidebar","site-content-layout":"page-builder","ast-site-content-layout":"default","site-content-style":"default","site-sidebar-style":"default","ast-global-header-display":"","ast-banner-title-visibility":"","ast-main-header-display":"","ast-hfb-above-header-display":"","ast-hfb-below-header-display":"","ast-hfb-mobile-header-display":"","site-post-title":"disabled","ast-breadcrumbs-content":"","ast-featured-img":"disabled","footer-sml-layout":"","ast-disable-related-posts":"","theme-transparent-header-meta":"","adv-header-id-meta":"","stick-header-meta":"","header-above-stick-meta":"","header-main-stick-meta":"","header-below-stick-meta":"","astra-migrate-meta-layouts":"default","ast-page-background-enabled":"default","ast-page-background-meta":{"desktop":{"background-color":"","background-image":"","background-repeat":"repeat","background-position":"center center","background-size":"auto","background-attachment":"scroll","background-type":"","background-media":"","overlay-type":"","overlay-color":"","overlay-opacity":"","overlay-gradient":""},"tablet":{"background-color":"","background-image":"","background-repeat":"repeat","background-position":"center center","background-size":"auto","background-attachment":"scroll","background-type":"","background-media":"","overlay-type":"","overlay-color":"","overlay-opacity":"","overlay-gradient":""},"mobile":{"background-color":"","background-image":"","background-repeat":"repeat","background-position":"center center","background-size":"auto","background-attachment":"scroll","background-type":"","background-media":"","overlay-type":"","overlay-color":"","overlay-opacity":"","overlay-gradient":""}},"ast-content-background-meta":{"desktop":{"background-color":"var(--ast-global-color-5)","background-image":"","background-repeat":"repeat","background-position":"center center","background-size":"auto","background-attachment":"scroll","background-type":"","background-media":"","overlay-type":"","overlay-color":"","overlay-opacity":"","overlay-gradient":""},"tablet":{"background-color":"var(--ast-global-color-5)","background-image":"","background-repeat":"repeat","background-position":"center center","background-size":"auto","background-attachment":"scroll","background-type":"","background-media":"","overlay-type":"","overlay-color":"","overlay-opacity":"","overlay-gradient":""},"mobile":{"background-color":"var(--ast-global-color-5)","background-image":"","background-repeat":"repeat","background-position":"center center","background-size":"auto","background-attachment":"scroll","background-type":"","background-media":"","overlay-type":"","overlay-color":"","overlay-opacity":"","overlay-gradient":""}},"footnotes":""},"class_list":["post-25","page","type-page","status-publish","hentry"],"yoast_head":"<!-- This site is optimized with the Yoast SEO plugin v27.4 - https:\/\/yoast.com\/product\/yoast-seo-wordpress\/ -->\n<title>OTB - Basket Savonlinna<\/title>\n<meta name=\"robots\" content=\"index, follow, max-snippet:-1, max-image-preview:large, max-video-preview:-1\" \/>\n<link rel=\"canonical\" href=\"https:\/\/www.basketsavonlinna.fi\/?page_id=25\" \/>\n<meta property=\"og:locale\" content=\"fi_FI\" \/>\n<meta property=\"og:type\" content=\"article\" \/>\n<meta property=\"og:title\" content=\"OTB - Basket Savonlinna\" \/>\n<meta property=\"og:description\" content=\"Otbtournament www.otbtournament.fi Old Timers\u2019 Basketball Tournament on Basket Savonlinnan merkitt\u00e4v\u00e4 tulonl\u00e4hde, joka mahdollistaa korkealaatuisen koripalloharrastuksen junioreille pienill\u00e4 kustannuksilla. Koripalloilun yst\u00e4v\u00e4t kohtaavat vuosittain Savonlinnan loistavissa puitteissa. Pelipaikkoina tuttuun tapaan Savonlinnan Liikuntahalli ja kaupungissa sijaitsevat liikuntasalit.\" \/>\n<meta property=\"og:url\" content=\"https:\/\/www.basketsavonlinna.fi\/?page_id=25\" \/>\n<meta property=\"og:site_name\" content=\"Basket Savonlinna\" \/>\n<meta property=\"article:publisher\" content=\"https:\/\/www.facebook.com\/BasketSavonlinna\" \/>\n<meta property=\"article:modified_time\" content=\"2021-11-29T18:11:30+00:00\" \/>\n<meta name=\"twitter:card\" content=\"summary_large_image\" \/>\n<meta name=\"twitter:label1\" content=\"Arvioitu lukuaika\" \/>\n\t<meta name=\"twitter:data1\" content=\"3 minuuttia\" \/>\n<script type=\"application\/ld+json\" class=\"yoast-schema-graph\">{\"@context\":\"https:\\\/\\\/schema.org\",\"@graph\":[{\"@type\":\"WebPage\",\"@id\":\"https:\\\/\\\/www.basketsavonlinna.fi\\\/?page_id=25\",\"url\":\"https:\\\/\\\/www.basketsavonlinna.fi\\\/?page_id=25\",\"name\":\"OTB - Basket Savonlinna\",\"isPartOf\":{\"@id\":\"https:\\\/\\\/www.basketsavonlinna.fi\\\/#website\"},\"datePublished\":\"2018-02-06T11:43:05+00:00\",\"dateModified\":\"2021-11-29T18:11:30+00:00\",\"breadcrumb\":{\"@id\":\"https:\\\/\\\/www.basketsavonlinna.fi\\\/?page_id=25#breadcrumb\"},\"inLanguage\":\"fi\",\"potentialAction\":[{\"@type\":\"ReadAction\",\"target\":[\"https:\\\/\\\/www.basketsavonlinna.fi\\\/?page_id=25\"]}]},{\"@type\":\"BreadcrumbList\",\"@id\":\"https:\\\/\\\/www.basketsavonlinna.fi\\\/?page_id=25#breadcrumb\",\"itemListElement\":[{\"@type\":\"ListItem\",\"position\":1,\"name\":\"Etusivu\",\"item\":\"https:\\\/\\\/www.basketsavonlinna.fi\\\/\"},{\"@type\":\"ListItem\",\"position\":2,\"name\":\"OTB\"}]},{\"@type\":\"WebSite\",\"@id\":\"https:\\\/\\\/www.basketsavonlinna.fi\\\/#website\",\"url\":\"https:\\\/\\\/www.basketsavonlinna.fi\\\/\",\"name\":\"Basket Savonlinna\",\"description\":\"Koripalloseura Basket Savonlinna Ry\",\"publisher\":{\"@id\":\"https:\\\/\\\/www.basketsavonlinna.fi\\\/#organization\"},\"potentialAction\":[{\"@type\":\"SearchAction\",\"target\":{\"@type\":\"EntryPoint\",\"urlTemplate\":\"https:\\\/\\\/www.basketsavonlinna.fi\\\/?s={search_term_string}\"},\"query-input\":{\"@type\":\"PropertyValueSpecification\",\"valueRequired\":true,\"valueName\":\"search_term_string\"}}],\"inLanguage\":\"fi\"},{\"@type\":\"Organization\",\"@id\":\"https:\\\/\\\/www.basketsavonlinna.fi\\\/#organization\",\"name\":\"Basket Savonlinna Ry\",\"url\":\"https:\\\/\\\/www.basketsavonlinna.fi\\\/\",\"logo\":{\"@type\":\"ImageObject\",\"inLanguage\":\"fi\",\"@id\":\"https:\\\/\\\/www.basketsavonlinna.fi\\\/#\\\/schema\\\/logo\\\/image\\\/\",\"url\":\"https:\\\/\\\/www.basketsavonlinna.fi\\\/wp-content\\\/uploads\\\/2021\\\/12\\\/BSL200.jpg\",\"contentUrl\":\"https:\\\/\\\/www.basketsavonlinna.fi\\\/wp-content\\\/uploads\\\/2021\\\/12\\\/BSL200.jpg\",\"width\":200,\"height\":69,\"caption\":\"Basket Savonlinna Ry\"},\"image\":{\"@id\":\"https:\\\/\\\/www.basketsavonlinna.fi\\\/#\\\/schema\\\/logo\\\/image\\\/\"},\"sameAs\":[\"https:\\\/\\\/www.facebook.com\\\/BasketSavonlinna\"]}]}<\/script>\n<!-- \/ Yoast SEO plugin. -->","yoast_head_json":{"title":"OTB - Basket Savonlinna","robots":{"index":"index","follow":"follow","max-snippet":"max-snippet:-1","max-image-preview":"max-image-preview:large","max-video-preview":"max-video-preview:-1"},"canonical":"https:\/\/www.basketsavonlinna.fi\/?page_id=25","og_locale":"fi_FI","og_type":"article","og_title":"OTB - Basket Savonlinna","og_description":"Otbtournament www.otbtournament.fi Old Timers\u2019 Basketball Tournament on Basket Savonlinnan merkitt\u00e4v\u00e4 tulonl\u00e4hde, joka mahdollistaa korkealaatuisen koripalloharrastuksen junioreille pienill\u00e4 kustannuksilla. Koripalloilun yst\u00e4v\u00e4t kohtaavat vuosittain Savonlinnan loistavissa puitteissa. Pelipaikkoina tuttuun tapaan Savonlinnan Liikuntahalli ja kaupungissa sijaitsevat liikuntasalit.","og_url":"https:\/\/www.basketsavonlinna.fi\/?page_id=25","og_site_name":"Basket Savonlinna","article_publisher":"https:\/\/www.facebook.com\/BasketSavonlinna","article_modified_time":"2021-11-29T18:11:30+00:00","twitter_card":"summary_large_image","twitter_misc":{"Arvioitu lukuaika":"3 minuuttia"},"schema":{"@context":"https:\/\/schema.org","@graph":[{"@type":"WebPage","@id":"https:\/\/www.basketsavonlinna.fi\/?page_id=25","url":"https:\/\/www.basketsavonlinna.fi\/?page_id=25","name":"OTB - Basket Savonlinna","isPartOf":{"@id":"https:\/\/www.basketsavonlinna.fi\/#website"},"datePublished":"2018-02-06T11:43:05+00:00","dateModified":"2021-11-29T18:11:30+00:00","breadcrumb":{"@id":"https:\/\/www.basketsavonlinna.fi\/?page_id=25#breadcrumb"},"inLanguage":"fi","potentialAction":[{"@type":"ReadAction","target":["https:\/\/www.basketsavonlinna.fi\/?page_id=25"]}]},{"@type":"BreadcrumbList","@id":"https:\/\/www.basketsavonlinna.fi\/?page_id=25#breadcrumb","itemListElement":[{"@type":"ListItem","position":1,"name":"Etusivu","item":"https:\/\/www.basketsavonlinna.fi\/"},{"@type":"ListItem","position":2,"name":"OTB"}]},{"@type":"WebSite","@id":"https:\/\/www.basketsavonlinna.fi\/#website","url":"https:\/\/www.basketsavonlinna.fi\/","name":"Basket Savonlinna","description":"Koripalloseura Basket Savonlinna Ry","publisher":{"@id":"https:\/\/www.basketsavonlinna.fi\/#organization"},"potentialAction":[{"@type":"SearchAction","target":{"@type":"EntryPoint","urlTemplate":"https:\/\/www.basketsavonlinna.fi\/?s={search_term_string}"},"query-input":{"@type":"PropertyValueSpecification","valueRequired":true,"valueName":"search_term_string"}}],"inLanguage":"fi"},{"@type":"Organization","@id":"https:\/\/www.basketsavonlinna.fi\/#organization","name":"Basket Savonlinna Ry","url":"https:\/\/www.basketsavonlinna.fi\/","logo":{"@type":"ImageObject","inLanguage":"fi","@id":"https:\/\/www.basketsavonlinna.fi\/#\/schema\/logo\/image\/","url":"https:\/\/www.basketsavonlinna.fi\/wp-content\/uploads\/2021\/12\/BSL200.jpg","contentUrl":"https:\/\/www.basketsavonlinna.fi\/wp-content\/uploads\/2021\/12\/BSL200.jpg","width":200,"height":69,"caption":"Basket Savonlinna Ry"},"image":{"@id":"https:\/\/www.basketsavonlinna.fi\/#\/schema\/logo\/image\/"},"sameAs":["https:\/\/www.facebook.com\/BasketSavonlinna"]}]}},"_links":{"self":[{"href":"https:\/\/www.basketsavonlinna.fi\/index.php?rest_route=\/wp\/v2\/pages\/25","targetHints":{"allow":["GET"]}}],"collection":[{"href":"https:\/\/www.basketsavonlinna.fi\/index.php?rest_route=\/wp\/v2\/pages"}],"about":[{"href":"https:\/\/www.basketsavonlinna.fi\/index.php?rest_route=\/wp\/v2\/types\/page"}],"author":[{"embeddable":true,"href":"https:\/\/www.basketsavonlinna.fi\/index.php?rest_route=\/wp\/v2\/users\/1"}],"replies":[{"embeddable":true,"href":"https:\/\/www.basketsavonlinna.fi\/index.php?rest_route=%2Fwp%2Fv2%2Fcomments&post=25"}],"version-history":[{"count":16,"href":"https:\/\/www.basketsavonlinna.fi\/index.php?rest_route=\/wp\/v2\/pages\/25\/revisions"}],"predecessor-version":[{"id":502,"href":"https:\/\/www.basketsavonlinna.fi\/index.php?rest_route=\/wp\/v2\/pages\/25\/revisions\/502"}],"wp:attachment":[{"href":"https:\/\/www.basketsavonlinna.fi\/index.php?rest_route=%2Fwp%2Fv2%2Fmedia&parent=25"}],"curies":[{"name":"wp","href":"https:\/\/api.w.org\/{rel}","templated":true}]}}